{"id":885,"date":"2016-09-12T14:36:03","date_gmt":"2016-09-12T12:36:03","guid":{"rendered":"http:\/\/gindlgut.flachau.ms.w014ecb1.kasserver.com\/wetter-webcams\/"},"modified":"2016-12-14T08:11:39","modified_gmt":"2016-12-14T07:11:39","slug":"wetter-webcams","status":"publish","type":"page","link":"https:\/\/www.bauernhof-flachau.at\/en\/wetter-webcams\/","title":{"rendered":"Wetter &#038; Webcams"},"content":{"rendered":"<div class=\"wpb-content-wrapper\"><p>[vc_row][vc_column][vc_column_text]<div data-post-id=\"1027\" class=\"insert-page insert-page-1027 \"><div class=\"wpb-content-wrapper\"><p>[vc_row][vc_column][vc_column_text]<\/p>\n<h1>Wetter &amp; Webcams in Flachau<\/h1>\n<h2>Ihr Urlaubswetter &amp; Bergpanorama in Flachau, Ski amad\u00e9<\/h2>\n<p>[\/vc_column_text][\/vc_column][\/vc_row][vc_row][vc_column][vc_separator][\/vc_column][\/vc_row][vc_row][vc_column width=&#8221;1\/2&#8243;][vc_single_image source=&#8221;external_link&#8221; external_img_size=&#8221;medium&#8221; onclick=&#8221;custom_link&#8221; img_link_target=&#8221;_blank&#8221; custom_src=&#8221;http:\/\/wtvpict.feratel.com\/picture\/38\/5216.jpeg?design=v3&amp;lg=de&#8221; link=&#8221;http:\/\/webtv.feratel.com\/webtv\/?design=v3&amp;cam=5216&amp;c8=0&#8243;][\/vc_column][vc_column width=&#8221;1\/2&#8243;][vc_single_image source=&#8221;external_link&#8221; external_img_size=&#8221;medium&#8221; onclick=&#8221;custom_link&#8221; img_link_target=&#8221;_blank&#8221; custom_src=&#8221;http:\/\/wtvpict.feratel.com\/picture\/38\/5218.jpeg?design=v3&amp;lg=de&#8221; link=&#8221;http:\/\/webtv.feratel.com\/webtv\/?design=v3&amp;cam=5218&amp;c8=0&#8243;][\/vc_column][\/vc_row][vc_row][vc_column width=&#8221;1\/2&#8243;][vc_single_image source=&#8221;external_link&#8221; external_img_size=&#8221;medium&#8221; onclick=&#8221;custom_link&#8221; img_link_target=&#8221;_blank&#8221; custom_src=&#8221;http:\/\/wtvpict.feratel.com\/picture\/38\/5217.jpeg?design=v3&amp;lg=de&#8221; link=&#8221;http:\/\/webtv.feratel.com\/webtv\/?design=v3&amp;cam=5217&amp;c8=0&#8243;][\/vc_column][vc_column width=&#8221;1\/2&#8243;][vc_single_image source=&#8221;external_link&#8221; external_img_size=&#8221;medium&#8221; onclick=&#8221;custom_link&#8221; img_link_target=&#8221;_blank&#8221; custom_src=&#8221;http:\/\/wtvpict.feratel.com\/picture\/38\/5219.jpeg?design=v3&amp;lg=de&#8221; link=&#8221;http:\/\/webtv.feratel.com\/webtv\/?design=v3&amp;cam=5219&amp;c8=0&#8243;][\/vc_column][\/vc_row][vc_row][vc_column][vc_raw_html]JTNDaWZyYW1lJTIwc3JjJTNEJTIyaHR0cCUzQSUyRiUyRmFmZmlsaWF0ZS5za2lhbWFkZS5jb20lMkZkZSUyRndpbnRlciUyRnNraXJlZ2lvbmVuJTJGc2FsemJ1cmdlci1zcG9ydHdlbHQlMkZmbGFjaGF1JTNGaGlkZSUzRHRvcHRleHQlMkNib3R0b210ZXh0JTJDc2xvcGVzJTJDc3BlY2lhbHNsb3BlcyUyQ3NlYXNvbmluZm8lMkNsaWZ0cyUyQ3Nub3dyZXBvcnQlMkNpbmZvdGV4dCUyQ2F2YWxhbmNoZXdhcm5pbmclMkNvcGVyYXRpbmdob3VycyUyMiUyMGRhdGEtbGF6eS1zcmMlM0QlMjJodHRwJTNBJTJGJTJGYWZmaWxpYXRlLnNraWFtYWRlLmNvbSUyRmRlJTJGd2ludGVyJTJGc2tpcmVnaW9uZW4lMkZzYWx6YnVyZ2VyLXNwb3J0d2VsdCUyRndhZ3JhaW4lM0ZoaWRlJTNEdG9wdGV4dCUyQ2JvdHRvbXRleHQlMkNzbG9wZXMlMkNzcGVjaWFsc2xvcGVzJTJDc2Vhc29uaW5mbyUyQ2xpZnRzJTJDc25vd3JlcG9ydCUyQ2luZm90ZXh0JTJDYXZhbGFuY2hld2FybmluZyUyQ29wZXJhdGluZ2hvdXJzJTIyJTIwd2lkdGglM0QlMjIxMDAlMjUlMjIlMjBoZWlnaHQlM0QlMjIxMDAwcHglMjIlMjBib3JkZXIlM0QlMjJub25lJTIyJTIwY2xhc3MlM0QlMjIlMjAlMjAlMjAlMjAlMjBsYXp5bG9hZGVkJTIyJTNFJTNDJTJGaWZyYW1lJTNF[\/vc_raw_html][\/vc_column][\/vc_row]<\/p>\n<\/div><\/div>[\/vc_column_text][\/vc_column][\/vc_row]<\/p>\n<\/div>","protected":false},"excerpt":{"rendered":"<p>[vc_row][vc_column][vc_column_text][\/vc_column_text][\/vc_column][\/vc_row]<\/p>\n\n<p><a class=\"readmore btn btn-default btn-default btn-block\" href=\"https:\/\/www.bauernhof-flachau.at\/en\/syncinhalt\/webcams-flachau\/\">Read More<\/a><\/p>","protected":false},"author":1,"featured_media":886,"parent":0,"menu_order":0,"comment_status":"closed","ping_status":"closed","template":"","meta":{"rs_blank_template":"","rs_page_bg_color":"","slide_template_v7":"","footnotes":""},"class_list":["post-885","page","type-page","status-publish","has-post-thumbnail","hentry"],"yoast_head":"<!-- This site is optimized with the Yoast SEO plugin v27.4 - https:\/\/yoast.com\/product\/yoast-seo-wordpress\/ -->\n<title>Wetter &amp; Webcams - Flachau im Salzburger Land<\/title>\n<meta name=\"description\" content=\"Aktuelles Wetter &amp; Webcams von Flachau in Ski amad\u00e9, Salzburger Land - ideal f\u00fcr Ihre Urlaubsplanung in Flachau, \u00d6sterreich.\" \/>\n<meta name=\"robots\" content=\"index, follow, max-snippet:-1, max-image-preview:large, max-video-preview:-1\" \/>\n<link rel=\"canonical\" href=\"https:\/\/www.bauernhof-flachau.at\/en\/wetter-webcams\/\" \/>\n<meta property=\"og:locale\" content=\"en_US\" \/>\n<meta property=\"og:type\" content=\"article\" \/>\n<meta property=\"og:title\" content=\"Wetter &amp; Webcams - Flachau im Salzburger Land\" \/>\n<meta property=\"og:description\" content=\"Aktuelles Wetter &amp; Webcams von Flachau in Ski amad\u00e9, Salzburger Land - ideal f\u00fcr Ihre Urlaubsplanung in Flachau, \u00d6sterreich.\" \/>\n<meta property=\"og:url\" content=\"https:\/\/www.bauernhof-flachau.at\/en\/wetter-webcams\/\" \/>\n<meta property=\"og:site_name\" content=\"Bauernhof Gindlgut\" \/>\n<meta property=\"article:modified_time\" content=\"2016-12-14T07:11:39+00:00\" \/>\n<meta property=\"og:image\" content=\"https:\/\/www.bauernhof-flachau.at\/wp-content\/uploads\/sites\/7\/flachau-salzburger-land.jpg\" \/>\n\t<meta property=\"og:image:width\" content=\"1920\" \/>\n\t<meta property=\"og:image:height\" content=\"800\" \/>\n\t<meta property=\"og:image:type\" content=\"image\/jpeg\" \/>\n<meta name=\"twitter:card\" content=\"summary_large_image\" \/>\n<script type=\"application\/ld+json\" class=\"yoast-schema-graph\">{\"@context\":\"https:\\\/\\\/schema.org\",\"@graph\":[{\"@type\":\"WebPage\",\"@id\":\"https:\\\/\\\/www.bauernhof-flachau.at\\\/en\\\/wetter-webcams\\\/\",\"url\":\"https:\\\/\\\/www.bauernhof-flachau.at\\\/en\\\/wetter-webcams\\\/\",\"name\":\"Wetter & Webcams - Flachau im Salzburger Land\",\"isPartOf\":{\"@id\":\"https:\\\/\\\/www.bauernhof-flachau.at\\\/#website\"},\"primaryImageOfPage\":{\"@id\":\"https:\\\/\\\/www.bauernhof-flachau.at\\\/en\\\/wetter-webcams\\\/#primaryimage\"},\"image\":{\"@id\":\"https:\\\/\\\/www.bauernhof-flachau.at\\\/en\\\/wetter-webcams\\\/#primaryimage\"},\"thumbnailUrl\":\"https:\\\/\\\/www.bauernhof-flachau.at\\\/wp-content\\\/uploads\\\/sites\\\/7\\\/flachau-salzburger-land.jpg\",\"datePublished\":\"2016-09-12T12:36:03+00:00\",\"dateModified\":\"2016-12-14T07:11:39+00:00\",\"description\":\"Aktuelles Wetter & Webcams von Flachau in Ski amad\u00e9, Salzburger Land - ideal f\u00fcr Ihre Urlaubsplanung in Flachau, \u00d6sterreich.\",\"breadcrumb\":{\"@id\":\"https:\\\/\\\/www.bauernhof-flachau.at\\\/en\\\/wetter-webcams\\\/#breadcrumb\"},\"inLanguage\":\"en-US\",\"potentialAction\":[{\"@type\":\"ReadAction\",\"target\":[\"https:\\\/\\\/www.bauernhof-flachau.at\\\/en\\\/wetter-webcams\\\/\"]}]},{\"@type\":\"ImageObject\",\"inLanguage\":\"en-US\",\"@id\":\"https:\\\/\\\/www.bauernhof-flachau.at\\\/en\\\/wetter-webcams\\\/#primaryimage\",\"url\":\"https:\\\/\\\/www.bauernhof-flachau.at\\\/wp-content\\\/uploads\\\/sites\\\/7\\\/flachau-salzburger-land.jpg\",\"contentUrl\":\"https:\\\/\\\/www.bauernhof-flachau.at\\\/wp-content\\\/uploads\\\/sites\\\/7\\\/flachau-salzburger-land.jpg\",\"width\":1920,\"height\":800},{\"@type\":\"BreadcrumbList\",\"@id\":\"https:\\\/\\\/www.bauernhof-flachau.at\\\/en\\\/wetter-webcams\\\/#breadcrumb\",\"itemListElement\":[{\"@type\":\"ListItem\",\"position\":1,\"name\":\"Startseite\",\"item\":\"https:\\\/\\\/www.bauernhof-flachau.at\\\/en\\\/\"},{\"@type\":\"ListItem\",\"position\":2,\"name\":\"Wetter &#038; Webcams\"}]},{\"@type\":\"WebSite\",\"@id\":\"https:\\\/\\\/www.bauernhof-flachau.at\\\/#website\",\"url\":\"https:\\\/\\\/www.bauernhof-flachau.at\\\/\",\"name\":\"Bauernhof Gindlgut\",\"description\":\"Eine weitere Urlaubswelt Flachau Website\",\"potentialAction\":[{\"@type\":\"SearchAction\",\"target\":{\"@type\":\"EntryPoint\",\"urlTemplate\":\"https:\\\/\\\/www.bauernhof-flachau.at\\\/?s={search_term_string}\"},\"query-input\":{\"@type\":\"PropertyValueSpecification\",\"valueRequired\":true,\"valueName\":\"search_term_string\"}}],\"inLanguage\":\"en-US\"}]}<\/script>\n<!-- \/ Yoast SEO plugin. -->","yoast_head_json":{"title":"Wetter & Webcams - Flachau im Salzburger Land","description":"Aktuelles Wetter & Webcams von Flachau in Ski amad\u00e9, Salzburger Land - ideal f\u00fcr Ihre Urlaubsplanung in Flachau, \u00d6sterreich.","robots":{"index":"index","follow":"follow","max-snippet":"max-snippet:-1","max-image-preview":"max-image-preview:large","max-video-preview":"max-video-preview:-1"},"canonical":"https:\/\/www.bauernhof-flachau.at\/en\/wetter-webcams\/","og_locale":"en_US","og_type":"article","og_title":"Wetter & Webcams - Flachau im Salzburger Land","og_description":"Aktuelles Wetter & Webcams von Flachau in Ski amad\u00e9, Salzburger Land - ideal f\u00fcr Ihre Urlaubsplanung in Flachau, \u00d6sterreich.","og_url":"https:\/\/www.bauernhof-flachau.at\/en\/wetter-webcams\/","og_site_name":"Bauernhof Gindlgut","article_modified_time":"2016-12-14T07:11:39+00:00","og_image":[{"width":1920,"height":800,"url":"https:\/\/www.bauernhof-flachau.at\/wp-content\/uploads\/sites\/7\/flachau-salzburger-land.jpg","type":"image\/jpeg"}],"twitter_card":"summary_large_image","schema":{"@context":"https:\/\/schema.org","@graph":[{"@type":"WebPage","@id":"https:\/\/www.bauernhof-flachau.at\/en\/wetter-webcams\/","url":"https:\/\/www.bauernhof-flachau.at\/en\/wetter-webcams\/","name":"Wetter & Webcams - Flachau im Salzburger Land","isPartOf":{"@id":"https:\/\/www.bauernhof-flachau.at\/#website"},"primaryImageOfPage":{"@id":"https:\/\/www.bauernhof-flachau.at\/en\/wetter-webcams\/#primaryimage"},"image":{"@id":"https:\/\/www.bauernhof-flachau.at\/en\/wetter-webcams\/#primaryimage"},"thumbnailUrl":"https:\/\/www.bauernhof-flachau.at\/wp-content\/uploads\/sites\/7\/flachau-salzburger-land.jpg","datePublished":"2016-09-12T12:36:03+00:00","dateModified":"2016-12-14T07:11:39+00:00","description":"Aktuelles Wetter & Webcams von Flachau in Ski amad\u00e9, Salzburger Land - ideal f\u00fcr Ihre Urlaubsplanung in Flachau, \u00d6sterreich.","breadcrumb":{"@id":"https:\/\/www.bauernhof-flachau.at\/en\/wetter-webcams\/#breadcrumb"},"inLanguage":"en-US","potentialAction":[{"@type":"ReadAction","target":["https:\/\/www.bauernhof-flachau.at\/en\/wetter-webcams\/"]}]},{"@type":"ImageObject","inLanguage":"en-US","@id":"https:\/\/www.bauernhof-flachau.at\/en\/wetter-webcams\/#primaryimage","url":"https:\/\/www.bauernhof-flachau.at\/wp-content\/uploads\/sites\/7\/flachau-salzburger-land.jpg","contentUrl":"https:\/\/www.bauernhof-flachau.at\/wp-content\/uploads\/sites\/7\/flachau-salzburger-land.jpg","width":1920,"height":800},{"@type":"BreadcrumbList","@id":"https:\/\/www.bauernhof-flachau.at\/en\/wetter-webcams\/#breadcrumb","itemListElement":[{"@type":"ListItem","position":1,"name":"Startseite","item":"https:\/\/www.bauernhof-flachau.at\/en\/"},{"@type":"ListItem","position":2,"name":"Wetter &#038; Webcams"}]},{"@type":"WebSite","@id":"https:\/\/www.bauernhof-flachau.at\/#website","url":"https:\/\/www.bauernhof-flachau.at\/","name":"Bauernhof Gindlgut","description":"Eine weitere Urlaubswelt Flachau Website","potentialAction":[{"@type":"SearchAction","target":{"@type":"EntryPoint","urlTemplate":"https:\/\/www.bauernhof-flachau.at\/?s={search_term_string}"},"query-input":{"@type":"PropertyValueSpecification","valueRequired":true,"valueName":"search_term_string"}}],"inLanguage":"en-US"}]}},"_links":{"self":[{"href":"https:\/\/www.bauernhof-flachau.at\/en\/wp-json\/wp\/v2\/pages\/885","targetHints":{"allow":["GET"]}}],"collection":[{"href":"https:\/\/www.bauernhof-flachau.at\/en\/wp-json\/wp\/v2\/pages"}],"about":[{"href":"https:\/\/www.bauernhof-flachau.at\/en\/wp-json\/wp\/v2\/types\/page"}],"author":[{"embeddable":true,"href":"https:\/\/www.bauernhof-flachau.at\/en\/wp-json\/wp\/v2\/users\/1"}],"replies":[{"embeddable":true,"href":"https:\/\/www.bauernhof-flachau.at\/en\/wp-json\/wp\/v2\/comments?post=885"}],"version-history":[{"count":0,"href":"https:\/\/www.bauernhof-flachau.at\/en\/wp-json\/wp\/v2\/pages\/885\/revisions"}],"wp:featuredmedia":[{"embeddable":true,"href":"https:\/\/www.bauernhof-flachau.at\/en\/wp-json\/wp\/v2\/media\/886"}],"wp:attachment":[{"href":"https:\/\/www.bauernhof-flachau.at\/en\/wp-json\/wp\/v2\/media?parent=885"}],"curies":[{"name":"wp","href":"https:\/\/api.w.org\/{rel}","templated":true}]}}